{"id":593,"date":"2021-11-11T18:13:33","date_gmt":"2021-11-11T17:13:33","guid":{"rendered":"https:\/\/aquaductil.com\/producto\/desert-c250\/"},"modified":"2021-11-11T18:13:33","modified_gmt":"2021-11-11T17:13:33","slug":"desertc250-2","status":"publish","type":"product","link":"https:\/\/aquaductil.com\/en\/producto\/desertc250-2\/","title":{"rendered":"DESERT C250"},"content":{"rendered":"<table class=\"guiatalles\" style=\"height: 206px;\">\n<tbody>\n<tr style=\"height: 23px;\">\n<th style=\"height: 23px; width: 85px;\">CODE<\/th>\n<th style=\"height: 23px; width: 104px;\">FILLING DEPTH<\/th>\n<th style=\"height: 23px; width: 176px;\">FRAME DIMENSION<\/th>\n<th style=\"height: 23px; width: 100px;\">FRAME DEPTH<\/th>\n<th style=\"height: 23px; width: 114px;\">CLEAR OPENING<\/th>\n<th style=\"height: 23px; width: 78px;\">UN \/\/ PALET<\/th>\n<\/tr>\n<tr style=\"height: 23px;\">\n<th style=\"height: 23px; width: 85px;\">DESERT C90<\/th>\n<td style=\"height: 23px; width: 104px;\">75 mm<\/td>\n<td style=\"height: 23px; width: 176px;\">900 x 900 mm<\/td>\n<td style=\"height: 23px; width: 100px;\">100mm<\/td>\n<td style=\"height: 23px; width: 114px;\">800 x 800mm<\/td>\n<td style=\"height: 23px; width: 78px;\">10<\/td>\n<\/tr>\n<tr style=\"height: 23px;\">\n<th style=\"height: 23px; width: 85px;\">DESERT C80<\/th>\n<td style=\"height: 23px; width: 104px;\">75 mm<\/td>\n<td style=\"height: 23px; width: 176px;\">800x 800 mm<\/td>\n<td style=\"height: 23px; width: 100px;\">100mm<\/td>\n<td style=\"height: 23px; width: 114px;\">700 x 700mm<\/td>\n<td style=\"height: 23px; width: 78px;\">10<\/td>\n<\/tr>\n<tr style=\"height: 23px;\">\n<th style=\"height: 23px; width: 85px;\">DESERT C70<\/th>\n<td style=\"height: 23px; width: 104px;\">75 mm<\/td>\n<td style=\"height: 23px; width: 176px;\">720 x 720 mm<\/td>\n<td style=\"height: 23px; width: 100px;\">100mm<\/td>\n<td style=\"height: 23px; width: 114px;\">600 x 600mm<\/td>\n<td style=\"height: 23px; width: 78px;\">10<\/td>\n<\/tr>\n<tr style=\"height: 22px;\">\n<th style=\"height: 22px; width: 85px;\">DESERT C64<\/th>\n<td style=\"height: 22px; width: 104px;\">75 mm<\/td>\n<td style=\"height: 22px; width: 176px;\">641 x 495 mm<\/td>\n<td style=\"height: 22px; width: 100px;\">100mm<\/td>\n<td style=\"height: 22px; width: 114px;\">600 x 450mm<\/td>\n<td style=\"height: 22px; width: 78px;\">20<\/td>\n<\/tr>\n<tr style=\"height: 23px;\">\n<th style=\"height: 23px; width: 85px;\">DESERT C60<\/th>\n<td style=\"height: 23px; width: 104px;\">75 mm<\/td>\n<td style=\"height: 23px; width: 176px;\">610 x 610 mm<\/td>\n<td style=\"height: 23px; width: 100px;\">100mm<\/td>\n<td style=\"height: 23px; width: 114px;\">500 x 500mm<\/td>\n<td style=\"height: 23px; width: 78px;\">20<\/td>\n<\/tr>\n<tr style=\"height: 23px;\">\n<th style=\"height: 23px; width: 85px;\">DESERT C55<\/th>\n<td style=\"height: 23px; width: 104px;\">75 mm<\/td>\n<td style=\"height: 23px; width: 176px;\">543 x 543 mm<\/td>\n<td style=\"height: 23px; width: 100px;\">100mm<\/td>\n<td style=\"height: 23px; width: 114px;\">450 x 450mm<\/td>\n<td style=\"height: 23px; width: 78px;\">30<\/td>\n<\/tr>\n<tr style=\"height: 23px;\">\n<th style=\"height: 23px; width: 85px;\">DESERT C50<\/th>\n<td style=\"height: 23px; width: 104px;\">75 mm<\/td>\n<td style=\"height: 23px; width: 176px;\">510 x 510 mm<\/td>\n<td style=\"height: 23px; width: 100px;\">100mm<\/td>\n<td style=\"height: 23px; width: 114px;\">400 x 400mm<\/td>\n<td style=\"height: 23px; width: 78px;\">30<\/td>\n<\/tr>\n<tr style=\"height: 23px;\">\n<th style=\"height: 23px; width: 85px;\">DESERT C40<\/th>\n<td style=\"height: 23px; width: 104px;\">75 mm<\/td>\n<td style=\"height: 23px; width: 176px;\">510 x 510 mm<\/td>\n<td style=\"height: 23px; width: 100px;\">100mm<\/td>\n<td style=\"height: 23px; width: 114px;\">300 x 300mm<\/td>\n<td style=\"height: 23px; width: 78px;\">30<\/td>\n<\/tr>\n<\/tbody>\n<\/table>\n","protected":false},"excerpt":{"rendered":"<p>&#8211; Inll depth allows a block paving infill<br \/>\n&#8211; Hydraulic frame to prevent odours escape.<br \/>\n&#8211; Cover with 1 or 2 keyholes.<br \/>\n&#8211; 40-60 microns of Stoving Enamel in black color against corrosion<br \/>\n&#8211; Manufactured in ductile iron according EN124-2 class C250<\/p>\n","protected":false},"featured_media":434,"template":"","meta":{"_et_pb_use_builder":"on","_et_pb_old_content":"<table class=\"guiatalles\" style=\"height: 206px;\">\n<tbody>\n<tr style=\"height: 23px;\">\n<th style=\"height: 23px; width: 85px;\">CODE<\/th>\n<th style=\"height: 23px; width: 104px;\">FILLING DEPTH<\/th>\n<th style=\"height: 23px; width: 176px;\">FRAME DIMENSION<\/th>\n<th style=\"height: 23px; width: 100px;\">FRAME DEPTH<\/th>\n<th style=\"height: 23px; width: 114px;\">CLEAR OPENING<\/th>\n<th style=\"height: 23px; width: 78px;\">UN \/\/ PALET<\/th>\n<\/tr>\n<tr style=\"height: 23px;\">\n<th style=\"height: 23px; width: 85px;\">DESERT C90<\/th>\n<td style=\"height: 23px; width: 104px;\">75 mm<\/td>\n<td style=\"height: 23px; width: 176px;\">900 x 900 mm<\/td>\n<td style=\"height: 23px; width: 100px;\">100mm<\/td>\n<td style=\"height: 23px; width: 114px;\">800 x 800mm<\/td>\n<td style=\"height: 23px; width: 78px;\">10<\/td>\n<\/tr>\n<tr style=\"height: 23px;\">\n<th style=\"height: 23px; width: 85px;\">DESERT C80<\/th>\n<td style=\"height: 23px; width: 104px;\">75 mm<\/td>\n<td style=\"height: 23px; width: 176px;\">800x 800 mm<\/td>\n<td style=\"height: 23px; width: 100px;\">100mm<\/td>\n<td style=\"height: 23px; width: 114px;\">700 x 700mm<\/td>\n<td style=\"height: 23px; width: 78px;\">10<\/td>\n<\/tr>\n<tr style=\"height: 23px;\">\n<th style=\"height: 23px; width: 85px;\">DESERT C70<\/th>\n<td style=\"height: 23px; width: 104px;\">75 mm<\/td>\n<td style=\"height: 23px; width: 176px;\">720 x 720 mm<\/td>\n<td style=\"height: 23px; width: 100px;\">100mm<\/td>\n<td style=\"height: 23px; width: 114px;\">600 x 600mm<\/td>\n<td style=\"height: 23px; width: 78px;\">10<\/td>\n<\/tr>\n<tr style=\"height: 22px;\">\n<th style=\"height: 22px; width: 85px;\">DESERT C64<\/th>\n<td style=\"height: 22px; width: 104px;\">75 mm<\/td>\n<td style=\"height: 22px; width: 176px;\">641 x 495 mm<\/td>\n<td style=\"height: 22px; width: 100px;\">100mm<\/td>\n<td style=\"height: 22px; width: 114px;\">600 x 450mm<\/td>\n<td style=\"height: 22px; width: 78px;\">20<\/td>\n<\/tr>\n<tr style=\"height: 23px;\">\n<th style=\"height: 23px; width: 85px;\">DESERT C60<\/th>\n<td style=\"height: 23px; width: 104px;\">75 mm<\/td>\n<td style=\"height: 23px; width: 176px;\">610 x 610 mm<\/td>\n<td style=\"height: 23px; width: 100px;\">100mm<\/td>\n<td style=\"height: 23px; width: 114px;\">500 x 500mm<\/td>\n<td style=\"height: 23px; width: 78px;\">20<\/td>\n<\/tr>\n<tr style=\"height: 23px;\">\n<th style=\"height: 23px; width: 85px;\">DESERT C55<\/th>\n<td style=\"height: 23px; width: 104px;\">75 mm<\/td>\n<td style=\"height: 23px; width: 176px;\">543 x 543 mm<\/td>\n<td style=\"height: 23px; width: 100px;\">100mm<\/td>\n<td style=\"height: 23px; width: 114px;\">450 x 450mm<\/td>\n<td style=\"height: 23px; width: 78px;\">30<\/td>\n<\/tr>\n<tr style=\"height: 23px;\">\n<th style=\"height: 23px; width: 85px;\">DESERT C50<\/th>\n<td style=\"height: 23px; width: 104px;\">75 mm<\/td>\n<td style=\"height: 23px; width: 176px;\">510 x 510 mm<\/td>\n<td style=\"height: 23px; width: 100px;\">100mm<\/td>\n<td style=\"height: 23px; width: 114px;\">400 x 400mm<\/td>\n<td style=\"height: 23px; width: 78px;\">30<\/td>\n<\/tr>\n<tr style=\"height: 23px;\">\n<th style=\"height: 23px; width: 85px;\">DESERT C40<\/th>\n<td style=\"height: 23px; width: 104px;\">75 mm<\/td>\n<td style=\"height: 23px; width: 176px;\">510 x 510 mm<\/td>\n<td style=\"height: 23px; width: 100px;\">100mm<\/td>\n<td style=\"height: 23px; width: 114px;\">300 x 300mm<\/td>\n<td style=\"height: 23px; width: 78px;\">30<\/td>\n<\/tr>\n<\/tbody>\n<\/table>","_et_gb_content_width":""},"product_brand":[],"product_cat":[84,90],"product_tag":[95,115,74,110,117,94,116],"class_list":{"0":"post-593","1":"product","2":"type-product","3":"status-publish","4":"has-post-thumbnail","6":"product_cat-manholes-c250-en","7":"product_cat-ductile-iron-covers-and-manholes","8":"product_tag-aquaductil-en","9":"product_tag-cover-manhole","10":"product_tag-ductile","11":"product_tag-frame","12":"product_tag-infill","13":"product_tag-iron","14":"product_tag-square","16":"first","17":"instock","18":"shipping-taxable","19":"product-type-simple"},"yoast_head":"<!-- This site is optimized with the Yoast SEO plugin v26.7 - https:\/\/yoast.com\/wordpress\/plugins\/seo\/ -->\n<title>DESERT C250 - Aquaductil - Fundici\u00f3n Ductil<\/title>\n<meta name=\"description\" content=\"Tapas, rejas y registros de fundici\u00f3n d\u00factil que cumplen con la normativa EN-124. (B125, C250, D400)\" \/>\n<meta name=\"robots\" content=\"index, follow, max-snippet:-1, max-image-preview:large, max-video-preview:-1\" \/>\n<link rel=\"canonical\" href=\"https:\/\/aquaductil.com\/en\/producto\/desertc250-2\/\" \/>\n<meta property=\"og:locale\" content=\"en_US\" \/>\n<meta property=\"og:type\" content=\"article\" \/>\n<meta property=\"og:title\" content=\"DESERT C250 - Aquaductil - Fundici\u00f3n Ductil\" \/>\n<meta property=\"og:description\" content=\"Tapas, rejas y registros de fundici\u00f3n d\u00factil que cumplen con la normativa EN-124. (B125, C250, D400)\" \/>\n<meta property=\"og:url\" content=\"https:\/\/aquaductil.com\/en\/producto\/desertc250-2\/\" \/>\n<meta property=\"og:site_name\" content=\"Aquaductil - Fundici\u00f3n Ductil\" \/>\n<meta property=\"og:image\" content=\"https:\/\/aquaductil.com\/wp-content\/uploads\/2021\/11\/desert-c250.jpg\" \/>\n\t<meta property=\"og:image:width\" content=\"1020\" \/>\n\t<meta property=\"og:image:height\" content=\"715\" \/>\n\t<meta property=\"og:image:type\" content=\"image\/jpeg\" \/>\n<meta name=\"twitter:card\" content=\"summary_large_image\" \/>\n<script type=\"application\/ld+json\" class=\"yoast-schema-graph\">{\"@context\":\"https:\/\/schema.org\",\"@graph\":[{\"@type\":[\"WebPage\",\"ItemPage\"],\"@id\":\"https:\/\/aquaductil.com\/en\/producto\/desertc250-2\/\",\"url\":\"https:\/\/aquaductil.com\/en\/producto\/desertc250-2\/\",\"name\":\"DESERT C250 - Aquaductil - Fundici\u00f3n Ductil\",\"isPartOf\":{\"@id\":\"https:\/\/aquaductil.com\/en\/#website\"},\"primaryImageOfPage\":{\"@id\":\"https:\/\/aquaductil.com\/en\/producto\/desertc250-2\/#primaryimage\"},\"image\":{\"@id\":\"https:\/\/aquaductil.com\/en\/producto\/desertc250-2\/#primaryimage\"},\"thumbnailUrl\":\"https:\/\/aquaductil.com\/wp-content\/uploads\/2021\/11\/desert-c250.jpg\",\"datePublished\":\"2021-11-11T17:13:33+00:00\",\"description\":\"Tapas, rejas y registros de fundici\u00f3n d\u00factil que cumplen con la normativa EN-124. (B125, C250, D400)\",\"breadcrumb\":{\"@id\":\"https:\/\/aquaductil.com\/en\/producto\/desertc250-2\/#breadcrumb\"},\"inLanguage\":\"en-US\",\"potentialAction\":[{\"@type\":\"ReadAction\",\"target\":[\"https:\/\/aquaductil.com\/en\/producto\/desertc250-2\/\"]}]},{\"@type\":\"ImageObject\",\"inLanguage\":\"en-US\",\"@id\":\"https:\/\/aquaductil.com\/en\/producto\/desertc250-2\/#primaryimage\",\"url\":\"https:\/\/aquaductil.com\/wp-content\/uploads\/2021\/11\/desert-c250.jpg\",\"contentUrl\":\"https:\/\/aquaductil.com\/wp-content\/uploads\/2021\/11\/desert-c250.jpg\",\"width\":1020,\"height\":715},{\"@type\":\"BreadcrumbList\",\"@id\":\"https:\/\/aquaductil.com\/en\/producto\/desertc250-2\/#breadcrumb\",\"itemListElement\":[{\"@type\":\"ListItem\",\"position\":1,\"name\":\"Inicio\",\"item\":\"https:\/\/aquaductil.com\/en\/\"},{\"@type\":\"ListItem\",\"position\":2,\"name\":\"Products\",\"item\":\"https:\/\/aquaductil.com\/en\/products\/\"},{\"@type\":\"ListItem\",\"position\":3,\"name\":\"Ductile iron covers and manholes\",\"item\":\"https:\/\/aquaductil.com\/en\/catalogo\/ductile-iron-covers-and-manholes\/\"},{\"@type\":\"ListItem\",\"position\":4,\"name\":\"C250\",\"item\":\"https:\/\/aquaductil.com\/en\/catalogo\/ductile-iron-covers-and-manholes\/manholes-c250-en\/\"},{\"@type\":\"ListItem\",\"position\":5,\"name\":\"DESERT C250\"}]},{\"@type\":\"WebSite\",\"@id\":\"https:\/\/aquaductil.com\/en\/#website\",\"url\":\"https:\/\/aquaductil.com\/en\/\",\"name\":\"Aquaductil - Fundici\u00f3n Ductil\",\"description\":\"Tapas y registros de fundici\u00f3n\",\"publisher\":{\"@id\":\"https:\/\/aquaductil.com\/en\/#organization\"},\"potentialAction\":[{\"@type\":\"SearchAction\",\"target\":{\"@type\":\"EntryPoint\",\"urlTemplate\":\"https:\/\/aquaductil.com\/en\/?s={search_term_string}\"},\"query-input\":{\"@type\":\"PropertyValueSpecification\",\"valueRequired\":true,\"valueName\":\"search_term_string\"}}],\"inLanguage\":\"en-US\"},{\"@type\":\"Organization\",\"@id\":\"https:\/\/aquaductil.com\/en\/#organization\",\"name\":\"Aquaductil - Tapas, Rejas y Registros de fundici\u00f3n d\u00factil.\",\"url\":\"https:\/\/aquaductil.com\/en\/\",\"logo\":{\"@type\":\"ImageObject\",\"inLanguage\":\"en-US\",\"@id\":\"https:\/\/aquaductil.com\/en\/#\/schema\/logo\/image\/\",\"url\":\"https:\/\/aquaductil.com\/wp-content\/uploads\/2021\/11\/aquaductil-logo1.jpg\",\"contentUrl\":\"https:\/\/aquaductil.com\/wp-content\/uploads\/2021\/11\/aquaductil-logo1.jpg\",\"width\":589,\"height\":144,\"caption\":\"Aquaductil - Tapas, Rejas y Registros de fundici\u00f3n d\u00factil.\"},\"image\":{\"@id\":\"https:\/\/aquaductil.com\/en\/#\/schema\/logo\/image\/\"}}]}<\/script>\n<!-- \/ Yoast SEO plugin. -->","yoast_head_json":{"title":"DESERT C250 - Aquaductil - Fundici\u00f3n Ductil","description":"Tapas, rejas y registros de fundici\u00f3n d\u00factil que cumplen con la normativa EN-124. (B125, C250, D400)","robots":{"index":"index","follow":"follow","max-snippet":"max-snippet:-1","max-image-preview":"max-image-preview:large","max-video-preview":"max-video-preview:-1"},"canonical":"https:\/\/aquaductil.com\/en\/producto\/desertc250-2\/","og_locale":"en_US","og_type":"article","og_title":"DESERT C250 - Aquaductil - Fundici\u00f3n Ductil","og_description":"Tapas, rejas y registros de fundici\u00f3n d\u00factil que cumplen con la normativa EN-124. (B125, C250, D400)","og_url":"https:\/\/aquaductil.com\/en\/producto\/desertc250-2\/","og_site_name":"Aquaductil - Fundici\u00f3n Ductil","og_image":[{"width":1020,"height":715,"url":"https:\/\/aquaductil.com\/wp-content\/uploads\/2021\/11\/desert-c250.jpg","type":"image\/jpeg"}],"twitter_card":"summary_large_image","schema":{"@context":"https:\/\/schema.org","@graph":[{"@type":["WebPage","ItemPage"],"@id":"https:\/\/aquaductil.com\/en\/producto\/desertc250-2\/","url":"https:\/\/aquaductil.com\/en\/producto\/desertc250-2\/","name":"DESERT C250 - Aquaductil - Fundici\u00f3n Ductil","isPartOf":{"@id":"https:\/\/aquaductil.com\/en\/#website"},"primaryImageOfPage":{"@id":"https:\/\/aquaductil.com\/en\/producto\/desertc250-2\/#primaryimage"},"image":{"@id":"https:\/\/aquaductil.com\/en\/producto\/desertc250-2\/#primaryimage"},"thumbnailUrl":"https:\/\/aquaductil.com\/wp-content\/uploads\/2021\/11\/desert-c250.jpg","datePublished":"2021-11-11T17:13:33+00:00","description":"Tapas, rejas y registros de fundici\u00f3n d\u00factil que cumplen con la normativa EN-124. (B125, C250, D400)","breadcrumb":{"@id":"https:\/\/aquaductil.com\/en\/producto\/desertc250-2\/#breadcrumb"},"inLanguage":"en-US","potentialAction":[{"@type":"ReadAction","target":["https:\/\/aquaductil.com\/en\/producto\/desertc250-2\/"]}]},{"@type":"ImageObject","inLanguage":"en-US","@id":"https:\/\/aquaductil.com\/en\/producto\/desertc250-2\/#primaryimage","url":"https:\/\/aquaductil.com\/wp-content\/uploads\/2021\/11\/desert-c250.jpg","contentUrl":"https:\/\/aquaductil.com\/wp-content\/uploads\/2021\/11\/desert-c250.jpg","width":1020,"height":715},{"@type":"BreadcrumbList","@id":"https:\/\/aquaductil.com\/en\/producto\/desertc250-2\/#breadcrumb","itemListElement":[{"@type":"ListItem","position":1,"name":"Inicio","item":"https:\/\/aquaductil.com\/en\/"},{"@type":"ListItem","position":2,"name":"Products","item":"https:\/\/aquaductil.com\/en\/products\/"},{"@type":"ListItem","position":3,"name":"Ductile iron covers and manholes","item":"https:\/\/aquaductil.com\/en\/catalogo\/ductile-iron-covers-and-manholes\/"},{"@type":"ListItem","position":4,"name":"C250","item":"https:\/\/aquaductil.com\/en\/catalogo\/ductile-iron-covers-and-manholes\/manholes-c250-en\/"},{"@type":"ListItem","position":5,"name":"DESERT C250"}]},{"@type":"WebSite","@id":"https:\/\/aquaductil.com\/en\/#website","url":"https:\/\/aquaductil.com\/en\/","name":"Aquaductil - Fundici\u00f3n Ductil","description":"Tapas y registros de fundici\u00f3n","publisher":{"@id":"https:\/\/aquaductil.com\/en\/#organization"},"potentialAction":[{"@type":"SearchAction","target":{"@type":"EntryPoint","urlTemplate":"https:\/\/aquaductil.com\/en\/?s={search_term_string}"},"query-input":{"@type":"PropertyValueSpecification","valueRequired":true,"valueName":"search_term_string"}}],"inLanguage":"en-US"},{"@type":"Organization","@id":"https:\/\/aquaductil.com\/en\/#organization","name":"Aquaductil - Tapas, Rejas y Registros de fundici\u00f3n d\u00factil.","url":"https:\/\/aquaductil.com\/en\/","logo":{"@type":"ImageObject","inLanguage":"en-US","@id":"https:\/\/aquaductil.com\/en\/#\/schema\/logo\/image\/","url":"https:\/\/aquaductil.com\/wp-content\/uploads\/2021\/11\/aquaductil-logo1.jpg","contentUrl":"https:\/\/aquaductil.com\/wp-content\/uploads\/2021\/11\/aquaductil-logo1.jpg","width":589,"height":144,"caption":"Aquaductil - Tapas, Rejas y Registros de fundici\u00f3n d\u00factil."},"image":{"@id":"https:\/\/aquaductil.com\/en\/#\/schema\/logo\/image\/"}}]}},"jetpack_sharing_enabled":true,"_links":{"self":[{"href":"https:\/\/aquaductil.com\/en\/wp-json\/wp\/v2\/product\/593","targetHints":{"allow":["GET"]}}],"collection":[{"href":"https:\/\/aquaductil.com\/en\/wp-json\/wp\/v2\/product"}],"about":[{"href":"https:\/\/aquaductil.com\/en\/wp-json\/wp\/v2\/types\/product"}],"wp:featuredmedia":[{"embeddable":true,"href":"https:\/\/aquaductil.com\/en\/wp-json\/wp\/v2\/media\/434"}],"wp:attachment":[{"href":"https:\/\/aquaductil.com\/en\/wp-json\/wp\/v2\/media?parent=593"}],"wp:term":[{"taxonomy":"product_brand","embeddable":true,"href":"https:\/\/aquaductil.com\/en\/wp-json\/wp\/v2\/product_brand?post=593"},{"taxonomy":"product_cat","embeddable":true,"href":"https:\/\/aquaductil.com\/en\/wp-json\/wp\/v2\/product_cat?post=593"},{"taxonomy":"product_tag","embeddable":true,"href":"https:\/\/aquaductil.com\/en\/wp-json\/wp\/v2\/product_tag?post=593"}],"curies":[{"name":"wp","href":"https:\/\/api.w.org\/{rel}","templated":true}]}}