{"id":595,"date":"2021-11-11T18:13:33","date_gmt":"2021-11-11T17:13:33","guid":{"rendered":"https:\/\/aquaductil.com\/producto\/vila540\/"},"modified":"2021-11-11T18:13:33","modified_gmt":"2021-11-11T17:13:33","slug":"vila540-2","status":"publish","type":"product","link":"https:\/\/aquaductil.com\/en\/producto\/vila540-2\/","title":{"rendered":"VILA540"},"content":{"rendered":"<p>&nbsp;<\/p>\n<table class=\"guiatalles\">\n<tbody>\n<tr>\n<th>CODE<\/th>\n<th>COVER DIMENSION<\/th>\n<th>FRAME DIMENSION<\/th>\n<th>FRAME DEPTH<\/th>\n<th>CLEAR OPENING<\/th>\n<th>UN \/\/ PALET<\/th>\n<\/tr>\n<tr>\n<th>VILA540<\/th>\n<td>\u00d8 600 mm<\/td>\n<td>\u00d8 690 mm<\/td>\n<td>40 mm<\/td>\n<td>\u00d8 550 mm<\/td>\n<td>20<\/td>\n<\/tr>\n<\/tbody>\n<\/table>\n","protected":false},"excerpt":{"rendered":"<p>&#8211; Cover with key hole to remove with standard tool<br \/>\n&#8211; Anti slip surface design<br \/>\n&#8211; Ductile Iron according to EN124 class C250<\/p>\n","protected":false},"featured_media":406,"template":"","meta":{"_et_pb_use_builder":"","_et_pb_old_content":"","_et_gb_content_width":""},"product_brand":[],"product_cat":[84,90],"product_tag":[95,74,110,94,93,121],"class_list":{"0":"post-595","1":"product","2":"type-product","3":"status-publish","4":"has-post-thumbnail","6":"product_cat-manholes-c250-en","7":"product_cat-ductile-iron-covers-and-manholes","8":"product_tag-aquaductil-en","9":"product_tag-ductile","10":"product_tag-frame","11":"product_tag-iron","12":"product_tag-manhole","13":"product_tag-vila-en","15":"first","16":"instock","17":"shipping-taxable","18":"product-type-simple"},"yoast_head":"<!-- This site is optimized with the Yoast SEO plugin v26.7 - https:\/\/yoast.com\/wordpress\/plugins\/seo\/ -->\n<title>VILA540 - Aquaductil - Fundici\u00f3n Ductil<\/title>\n<meta name=\"description\" content=\"Tapas, rejas y registros de fundici\u00f3n d\u00factil que cumplen con la normativa EN-124. (B125, C250, D400)\" \/>\n<meta name=\"robots\" content=\"index, follow, max-snippet:-1, max-image-preview:large, max-video-preview:-1\" \/>\n<link rel=\"canonical\" href=\"https:\/\/aquaductil.com\/en\/producto\/vila540-2\/\" \/>\n<meta property=\"og:locale\" content=\"en_US\" \/>\n<meta property=\"og:type\" content=\"article\" \/>\n<meta property=\"og:title\" content=\"VILA540 - Aquaductil - Fundici\u00f3n Ductil\" \/>\n<meta property=\"og:description\" content=\"Tapas, rejas y registros de fundici\u00f3n d\u00factil que cumplen con la normativa EN-124. (B125, C250, D400)\" \/>\n<meta property=\"og:url\" content=\"https:\/\/aquaductil.com\/en\/producto\/vila540-2\/\" \/>\n<meta property=\"og:site_name\" content=\"Aquaductil - Fundici\u00f3n Ductil\" \/>\n<meta property=\"og:image\" content=\"https:\/\/aquaductil.com\/wp-content\/uploads\/2021\/11\/VILA540-web.jpg\" \/>\n\t<meta property=\"og:image:width\" content=\"1024\" \/>\n\t<meta property=\"og:image:height\" content=\"717\" \/>\n\t<meta property=\"og:image:type\" content=\"image\/jpeg\" \/>\n<meta name=\"twitter:card\" content=\"summary_large_image\" \/>\n<script type=\"application\/ld+json\" class=\"yoast-schema-graph\">{\"@context\":\"https:\/\/schema.org\",\"@graph\":[{\"@type\":[\"WebPage\",\"ItemPage\"],\"@id\":\"https:\/\/aquaductil.com\/en\/producto\/vila540-2\/\",\"url\":\"https:\/\/aquaductil.com\/en\/producto\/vila540-2\/\",\"name\":\"VILA540 - Aquaductil - Fundici\u00f3n Ductil\",\"isPartOf\":{\"@id\":\"https:\/\/aquaductil.com\/en\/#website\"},\"primaryImageOfPage\":{\"@id\":\"https:\/\/aquaductil.com\/en\/producto\/vila540-2\/#primaryimage\"},\"image\":{\"@id\":\"https:\/\/aquaductil.com\/en\/producto\/vila540-2\/#primaryimage\"},\"thumbnailUrl\":\"https:\/\/aquaductil.com\/wp-content\/uploads\/2021\/11\/VILA540-web.jpg\",\"datePublished\":\"2021-11-11T17:13:33+00:00\",\"description\":\"Tapas, rejas y registros de fundici\u00f3n d\u00factil que cumplen con la normativa EN-124. (B125, C250, D400)\",\"breadcrumb\":{\"@id\":\"https:\/\/aquaductil.com\/en\/producto\/vila540-2\/#breadcrumb\"},\"inLanguage\":\"en-US\",\"potentialAction\":[{\"@type\":\"ReadAction\",\"target\":[\"https:\/\/aquaductil.com\/en\/producto\/vila540-2\/\"]}]},{\"@type\":\"ImageObject\",\"inLanguage\":\"en-US\",\"@id\":\"https:\/\/aquaductil.com\/en\/producto\/vila540-2\/#primaryimage\",\"url\":\"https:\/\/aquaductil.com\/wp-content\/uploads\/2021\/11\/VILA540-web.jpg\",\"contentUrl\":\"https:\/\/aquaductil.com\/wp-content\/uploads\/2021\/11\/VILA540-web.jpg\",\"width\":1024,\"height\":717},{\"@type\":\"BreadcrumbList\",\"@id\":\"https:\/\/aquaductil.com\/en\/producto\/vila540-2\/#breadcrumb\",\"itemListElement\":[{\"@type\":\"ListItem\",\"position\":1,\"name\":\"Inicio\",\"item\":\"https:\/\/aquaductil.com\/en\/\"},{\"@type\":\"ListItem\",\"position\":2,\"name\":\"Products\",\"item\":\"https:\/\/aquaductil.com\/en\/products\/\"},{\"@type\":\"ListItem\",\"position\":3,\"name\":\"Ductile iron covers and manholes\",\"item\":\"https:\/\/aquaductil.com\/en\/catalogo\/ductile-iron-covers-and-manholes\/\"},{\"@type\":\"ListItem\",\"position\":4,\"name\":\"C250\",\"item\":\"https:\/\/aquaductil.com\/en\/catalogo\/ductile-iron-covers-and-manholes\/manholes-c250-en\/\"},{\"@type\":\"ListItem\",\"position\":5,\"name\":\"VILA540\"}]},{\"@type\":\"WebSite\",\"@id\":\"https:\/\/aquaductil.com\/en\/#website\",\"url\":\"https:\/\/aquaductil.com\/en\/\",\"name\":\"Aquaductil - Fundici\u00f3n Ductil\",\"description\":\"Tapas y registros de fundici\u00f3n\",\"publisher\":{\"@id\":\"https:\/\/aquaductil.com\/en\/#organization\"},\"potentialAction\":[{\"@type\":\"SearchAction\",\"target\":{\"@type\":\"EntryPoint\",\"urlTemplate\":\"https:\/\/aquaductil.com\/en\/?s={search_term_string}\"},\"query-input\":{\"@type\":\"PropertyValueSpecification\",\"valueRequired\":true,\"valueName\":\"search_term_string\"}}],\"inLanguage\":\"en-US\"},{\"@type\":\"Organization\",\"@id\":\"https:\/\/aquaductil.com\/en\/#organization\",\"name\":\"Aquaductil - Tapas, Rejas y Registros de fundici\u00f3n d\u00factil.\",\"url\":\"https:\/\/aquaductil.com\/en\/\",\"logo\":{\"@type\":\"ImageObject\",\"inLanguage\":\"en-US\",\"@id\":\"https:\/\/aquaductil.com\/en\/#\/schema\/logo\/image\/\",\"url\":\"https:\/\/aquaductil.com\/wp-content\/uploads\/2021\/11\/aquaductil-logo1.jpg\",\"contentUrl\":\"https:\/\/aquaductil.com\/wp-content\/uploads\/2021\/11\/aquaductil-logo1.jpg\",\"width\":589,\"height\":144,\"caption\":\"Aquaductil - Tapas, Rejas y Registros de fundici\u00f3n d\u00factil.\"},\"image\":{\"@id\":\"https:\/\/aquaductil.com\/en\/#\/schema\/logo\/image\/\"}}]}<\/script>\n<!-- \/ Yoast SEO plugin. -->","yoast_head_json":{"title":"VILA540 - Aquaductil - Fundici\u00f3n Ductil","description":"Tapas, rejas y registros de fundici\u00f3n d\u00factil que cumplen con la normativa EN-124. (B125, C250, D400)","robots":{"index":"index","follow":"follow","max-snippet":"max-snippet:-1","max-image-preview":"max-image-preview:large","max-video-preview":"max-video-preview:-1"},"canonical":"https:\/\/aquaductil.com\/en\/producto\/vila540-2\/","og_locale":"en_US","og_type":"article","og_title":"VILA540 - Aquaductil - Fundici\u00f3n Ductil","og_description":"Tapas, rejas y registros de fundici\u00f3n d\u00factil que cumplen con la normativa EN-124. (B125, C250, D400)","og_url":"https:\/\/aquaductil.com\/en\/producto\/vila540-2\/","og_site_name":"Aquaductil - Fundici\u00f3n Ductil","og_image":[{"width":1024,"height":717,"url":"https:\/\/aquaductil.com\/wp-content\/uploads\/2021\/11\/VILA540-web.jpg","type":"image\/jpeg"}],"twitter_card":"summary_large_image","schema":{"@context":"https:\/\/schema.org","@graph":[{"@type":["WebPage","ItemPage"],"@id":"https:\/\/aquaductil.com\/en\/producto\/vila540-2\/","url":"https:\/\/aquaductil.com\/en\/producto\/vila540-2\/","name":"VILA540 - Aquaductil - Fundici\u00f3n Ductil","isPartOf":{"@id":"https:\/\/aquaductil.com\/en\/#website"},"primaryImageOfPage":{"@id":"https:\/\/aquaductil.com\/en\/producto\/vila540-2\/#primaryimage"},"image":{"@id":"https:\/\/aquaductil.com\/en\/producto\/vila540-2\/#primaryimage"},"thumbnailUrl":"https:\/\/aquaductil.com\/wp-content\/uploads\/2021\/11\/VILA540-web.jpg","datePublished":"2021-11-11T17:13:33+00:00","description":"Tapas, rejas y registros de fundici\u00f3n d\u00factil que cumplen con la normativa EN-124. (B125, C250, D400)","breadcrumb":{"@id":"https:\/\/aquaductil.com\/en\/producto\/vila540-2\/#breadcrumb"},"inLanguage":"en-US","potentialAction":[{"@type":"ReadAction","target":["https:\/\/aquaductil.com\/en\/producto\/vila540-2\/"]}]},{"@type":"ImageObject","inLanguage":"en-US","@id":"https:\/\/aquaductil.com\/en\/producto\/vila540-2\/#primaryimage","url":"https:\/\/aquaductil.com\/wp-content\/uploads\/2021\/11\/VILA540-web.jpg","contentUrl":"https:\/\/aquaductil.com\/wp-content\/uploads\/2021\/11\/VILA540-web.jpg","width":1024,"height":717},{"@type":"BreadcrumbList","@id":"https:\/\/aquaductil.com\/en\/producto\/vila540-2\/#breadcrumb","itemListElement":[{"@type":"ListItem","position":1,"name":"Inicio","item":"https:\/\/aquaductil.com\/en\/"},{"@type":"ListItem","position":2,"name":"Products","item":"https:\/\/aquaductil.com\/en\/products\/"},{"@type":"ListItem","position":3,"name":"Ductile iron covers and manholes","item":"https:\/\/aquaductil.com\/en\/catalogo\/ductile-iron-covers-and-manholes\/"},{"@type":"ListItem","position":4,"name":"C250","item":"https:\/\/aquaductil.com\/en\/catalogo\/ductile-iron-covers-and-manholes\/manholes-c250-en\/"},{"@type":"ListItem","position":5,"name":"VILA540"}]},{"@type":"WebSite","@id":"https:\/\/aquaductil.com\/en\/#website","url":"https:\/\/aquaductil.com\/en\/","name":"Aquaductil - Fundici\u00f3n Ductil","description":"Tapas y registros de fundici\u00f3n","publisher":{"@id":"https:\/\/aquaductil.com\/en\/#organization"},"potentialAction":[{"@type":"SearchAction","target":{"@type":"EntryPoint","urlTemplate":"https:\/\/aquaductil.com\/en\/?s={search_term_string}"},"query-input":{"@type":"PropertyValueSpecification","valueRequired":true,"valueName":"search_term_string"}}],"inLanguage":"en-US"},{"@type":"Organization","@id":"https:\/\/aquaductil.com\/en\/#organization","name":"Aquaductil - Tapas, Rejas y Registros de fundici\u00f3n d\u00factil.","url":"https:\/\/aquaductil.com\/en\/","logo":{"@type":"ImageObject","inLanguage":"en-US","@id":"https:\/\/aquaductil.com\/en\/#\/schema\/logo\/image\/","url":"https:\/\/aquaductil.com\/wp-content\/uploads\/2021\/11\/aquaductil-logo1.jpg","contentUrl":"https:\/\/aquaductil.com\/wp-content\/uploads\/2021\/11\/aquaductil-logo1.jpg","width":589,"height":144,"caption":"Aquaductil - Tapas, Rejas y Registros de fundici\u00f3n d\u00factil."},"image":{"@id":"https:\/\/aquaductil.com\/en\/#\/schema\/logo\/image\/"}}]}},"jetpack_sharing_enabled":true,"_links":{"self":[{"href":"https:\/\/aquaductil.com\/en\/wp-json\/wp\/v2\/product\/595","targetHints":{"allow":["GET"]}}],"collection":[{"href":"https:\/\/aquaductil.com\/en\/wp-json\/wp\/v2\/product"}],"about":[{"href":"https:\/\/aquaductil.com\/en\/wp-json\/wp\/v2\/types\/product"}],"wp:featuredmedia":[{"embeddable":true,"href":"https:\/\/aquaductil.com\/en\/wp-json\/wp\/v2\/media\/406"}],"wp:attachment":[{"href":"https:\/\/aquaductil.com\/en\/wp-json\/wp\/v2\/media?parent=595"}],"wp:term":[{"taxonomy":"product_brand","embeddable":true,"href":"https:\/\/aquaductil.com\/en\/wp-json\/wp\/v2\/product_brand?post=595"},{"taxonomy":"product_cat","embeddable":true,"href":"https:\/\/aquaductil.com\/en\/wp-json\/wp\/v2\/product_cat?post=595"},{"taxonomy":"product_tag","embeddable":true,"href":"https:\/\/aquaductil.com\/en\/wp-json\/wp\/v2\/product_tag?post=595"}],"curies":[{"name":"wp","href":"https:\/\/api.w.org\/{rel}","templated":true}]}}