{"id":597,"date":"2021-11-11T18:13:33","date_gmt":"2021-11-11T17:13:33","guid":{"rendered":"https:\/\/aquaductil.com\/producto\/luxor3828\/"},"modified":"2021-11-11T18:13:33","modified_gmt":"2021-11-11T17:13:33","slug":"luxor3828-2","status":"publish","type":"product","link":"https:\/\/aquaductil.com\/en\/producto\/luxor3828-2\/","title":{"rendered":"LUXOR3828"},"content":{"rendered":"<table class=\"guiatalles\">\n<tbody>\n<tr>\n<th>CODE<\/th>\n<th>COVER DIMENSION<\/th>\n<th>FRAME DIMENSION<\/th>\n<th>FRAME DEPTH<\/th>\n<th>CLEAR OPENING<\/th>\n<th>UN \/\/ PALET<\/th>\n<\/tr>\n<tr>\n<th>LUXOR3828<\/th>\n<td>380 x 280 mm<\/td>\n<td>450 x 350 mm<\/td>\n<td>33 mm<\/td>\n<td>350 x 250 mm<\/td>\n<td>&#8211;<\/td>\n<\/tr>\n<\/tbody>\n<\/table>\n","protected":false},"excerpt":{"rendered":"<p>&#8211; Hinged grating &amp; frame<br \/>\n&#8211; Anti theft system once installed in concrete.<br \/>\n&#8211; 40-60 microns of Stoving Enamel in black color against corrosion<br \/>\n&#8211; Manufactured according to Norma EN124-2 class C250<\/p>\n","protected":false},"featured_media":420,"template":"","meta":{"_et_pb_use_builder":"","_et_pb_old_content":"","_et_gb_content_width":""},"product_brand":[],"product_cat":[77,89],"product_tag":[95,122,74,123,94],"class_list":{"0":"post-597","1":"product","2":"type-product","3":"status-publish","4":"has-post-thumbnail","6":"product_cat-gratings-c250-en","7":"product_cat-ductile-cast-iron-gratings","8":"product_tag-aquaductil-en","9":"product_tag-articulada-en","10":"product_tag-ductile","11":"product_tag-gratings","12":"product_tag-iron","14":"first","15":"instock","16":"shipping-taxable","17":"product-type-simple"},"yoast_head":"<!-- This site is optimized with the Yoast SEO plugin v26.7 - https:\/\/yoast.com\/wordpress\/plugins\/seo\/ -->\n<title>LUXOR3828 - Aquaductil - Fundici\u00f3n Ductil<\/title>\n<meta name=\"description\" content=\"Tapas, rejas y registros de fundici\u00f3n d\u00factil que cumplen con la normativa EN-124. (B125, C250, D400)\" \/>\n<meta name=\"robots\" content=\"index, follow, max-snippet:-1, max-image-preview:large, max-video-preview:-1\" \/>\n<link rel=\"canonical\" href=\"https:\/\/aquaductil.com\/en\/producto\/luxor3828-2\/\" \/>\n<meta property=\"og:locale\" content=\"en_US\" \/>\n<meta property=\"og:type\" content=\"article\" \/>\n<meta property=\"og:title\" content=\"LUXOR3828 - Aquaductil - Fundici\u00f3n Ductil\" \/>\n<meta property=\"og:description\" content=\"Tapas, rejas y registros de fundici\u00f3n d\u00factil que cumplen con la normativa EN-124. (B125, C250, D400)\" \/>\n<meta property=\"og:url\" content=\"https:\/\/aquaductil.com\/en\/producto\/luxor3828-2\/\" \/>\n<meta property=\"og:site_name\" content=\"Aquaductil - Fundici\u00f3n Ductil\" \/>\n<meta property=\"og:image\" content=\"https:\/\/aquaductil.com\/wp-content\/uploads\/2021\/11\/LUXOR-web.jpg\" \/>\n\t<meta property=\"og:image:width\" content=\"1024\" \/>\n\t<meta property=\"og:image:height\" content=\"717\" \/>\n\t<meta property=\"og:image:type\" content=\"image\/jpeg\" \/>\n<meta name=\"twitter:card\" content=\"summary_large_image\" \/>\n<script type=\"application\/ld+json\" class=\"yoast-schema-graph\">{\"@context\":\"https:\/\/schema.org\",\"@graph\":[{\"@type\":[\"WebPage\",\"ItemPage\"],\"@id\":\"https:\/\/aquaductil.com\/en\/producto\/luxor3828-2\/\",\"url\":\"https:\/\/aquaductil.com\/en\/producto\/luxor3828-2\/\",\"name\":\"LUXOR3828 - Aquaductil - Fundici\u00f3n Ductil\",\"isPartOf\":{\"@id\":\"https:\/\/aquaductil.com\/en\/#website\"},\"primaryImageOfPage\":{\"@id\":\"https:\/\/aquaductil.com\/en\/producto\/luxor3828-2\/#primaryimage\"},\"image\":{\"@id\":\"https:\/\/aquaductil.com\/en\/producto\/luxor3828-2\/#primaryimage\"},\"thumbnailUrl\":\"https:\/\/aquaductil.com\/wp-content\/uploads\/2021\/11\/LUXOR-web.jpg\",\"datePublished\":\"2021-11-11T17:13:33+00:00\",\"description\":\"Tapas, rejas y registros de fundici\u00f3n d\u00factil que cumplen con la normativa EN-124. (B125, C250, D400)\",\"breadcrumb\":{\"@id\":\"https:\/\/aquaductil.com\/en\/producto\/luxor3828-2\/#breadcrumb\"},\"inLanguage\":\"en-US\",\"potentialAction\":[{\"@type\":\"ReadAction\",\"target\":[\"https:\/\/aquaductil.com\/en\/producto\/luxor3828-2\/\"]}]},{\"@type\":\"ImageObject\",\"inLanguage\":\"en-US\",\"@id\":\"https:\/\/aquaductil.com\/en\/producto\/luxor3828-2\/#primaryimage\",\"url\":\"https:\/\/aquaductil.com\/wp-content\/uploads\/2021\/11\/LUXOR-web.jpg\",\"contentUrl\":\"https:\/\/aquaductil.com\/wp-content\/uploads\/2021\/11\/LUXOR-web.jpg\",\"width\":1024,\"height\":717},{\"@type\":\"BreadcrumbList\",\"@id\":\"https:\/\/aquaductil.com\/en\/producto\/luxor3828-2\/#breadcrumb\",\"itemListElement\":[{\"@type\":\"ListItem\",\"position\":1,\"name\":\"Inicio\",\"item\":\"https:\/\/aquaductil.com\/en\/\"},{\"@type\":\"ListItem\",\"position\":2,\"name\":\"Products\",\"item\":\"https:\/\/aquaductil.com\/en\/products\/\"},{\"@type\":\"ListItem\",\"position\":3,\"name\":\"Ductile cast iron gratings\",\"item\":\"https:\/\/aquaductil.com\/en\/catalogo\/ductile-cast-iron-gratings\/\"},{\"@type\":\"ListItem\",\"position\":4,\"name\":\"C250\",\"item\":\"https:\/\/aquaductil.com\/en\/catalogo\/ductile-cast-iron-gratings\/gratings-c250-en\/\"},{\"@type\":\"ListItem\",\"position\":5,\"name\":\"LUXOR3828\"}]},{\"@type\":\"WebSite\",\"@id\":\"https:\/\/aquaductil.com\/en\/#website\",\"url\":\"https:\/\/aquaductil.com\/en\/\",\"name\":\"Aquaductil - Fundici\u00f3n Ductil\",\"description\":\"Tapas y registros de fundici\u00f3n\",\"publisher\":{\"@id\":\"https:\/\/aquaductil.com\/en\/#organization\"},\"potentialAction\":[{\"@type\":\"SearchAction\",\"target\":{\"@type\":\"EntryPoint\",\"urlTemplate\":\"https:\/\/aquaductil.com\/en\/?s={search_term_string}\"},\"query-input\":{\"@type\":\"PropertyValueSpecification\",\"valueRequired\":true,\"valueName\":\"search_term_string\"}}],\"inLanguage\":\"en-US\"},{\"@type\":\"Organization\",\"@id\":\"https:\/\/aquaductil.com\/en\/#organization\",\"name\":\"Aquaductil - Tapas, Rejas y Registros de fundici\u00f3n d\u00factil.\",\"url\":\"https:\/\/aquaductil.com\/en\/\",\"logo\":{\"@type\":\"ImageObject\",\"inLanguage\":\"en-US\",\"@id\":\"https:\/\/aquaductil.com\/en\/#\/schema\/logo\/image\/\",\"url\":\"https:\/\/aquaductil.com\/wp-content\/uploads\/2021\/11\/aquaductil-logo1.jpg\",\"contentUrl\":\"https:\/\/aquaductil.com\/wp-content\/uploads\/2021\/11\/aquaductil-logo1.jpg\",\"width\":589,\"height\":144,\"caption\":\"Aquaductil - Tapas, Rejas y Registros de fundici\u00f3n d\u00factil.\"},\"image\":{\"@id\":\"https:\/\/aquaductil.com\/en\/#\/schema\/logo\/image\/\"}}]}<\/script>\n<!-- \/ Yoast SEO plugin. -->","yoast_head_json":{"title":"LUXOR3828 - Aquaductil - Fundici\u00f3n Ductil","description":"Tapas, rejas y registros de fundici\u00f3n d\u00factil que cumplen con la normativa EN-124. (B125, C250, D400)","robots":{"index":"index","follow":"follow","max-snippet":"max-snippet:-1","max-image-preview":"max-image-preview:large","max-video-preview":"max-video-preview:-1"},"canonical":"https:\/\/aquaductil.com\/en\/producto\/luxor3828-2\/","og_locale":"en_US","og_type":"article","og_title":"LUXOR3828 - Aquaductil - Fundici\u00f3n Ductil","og_description":"Tapas, rejas y registros de fundici\u00f3n d\u00factil que cumplen con la normativa EN-124. (B125, C250, D400)","og_url":"https:\/\/aquaductil.com\/en\/producto\/luxor3828-2\/","og_site_name":"Aquaductil - Fundici\u00f3n Ductil","og_image":[{"width":1024,"height":717,"url":"https:\/\/aquaductil.com\/wp-content\/uploads\/2021\/11\/LUXOR-web.jpg","type":"image\/jpeg"}],"twitter_card":"summary_large_image","schema":{"@context":"https:\/\/schema.org","@graph":[{"@type":["WebPage","ItemPage"],"@id":"https:\/\/aquaductil.com\/en\/producto\/luxor3828-2\/","url":"https:\/\/aquaductil.com\/en\/producto\/luxor3828-2\/","name":"LUXOR3828 - Aquaductil - Fundici\u00f3n Ductil","isPartOf":{"@id":"https:\/\/aquaductil.com\/en\/#website"},"primaryImageOfPage":{"@id":"https:\/\/aquaductil.com\/en\/producto\/luxor3828-2\/#primaryimage"},"image":{"@id":"https:\/\/aquaductil.com\/en\/producto\/luxor3828-2\/#primaryimage"},"thumbnailUrl":"https:\/\/aquaductil.com\/wp-content\/uploads\/2021\/11\/LUXOR-web.jpg","datePublished":"2021-11-11T17:13:33+00:00","description":"Tapas, rejas y registros de fundici\u00f3n d\u00factil que cumplen con la normativa EN-124. (B125, C250, D400)","breadcrumb":{"@id":"https:\/\/aquaductil.com\/en\/producto\/luxor3828-2\/#breadcrumb"},"inLanguage":"en-US","potentialAction":[{"@type":"ReadAction","target":["https:\/\/aquaductil.com\/en\/producto\/luxor3828-2\/"]}]},{"@type":"ImageObject","inLanguage":"en-US","@id":"https:\/\/aquaductil.com\/en\/producto\/luxor3828-2\/#primaryimage","url":"https:\/\/aquaductil.com\/wp-content\/uploads\/2021\/11\/LUXOR-web.jpg","contentUrl":"https:\/\/aquaductil.com\/wp-content\/uploads\/2021\/11\/LUXOR-web.jpg","width":1024,"height":717},{"@type":"BreadcrumbList","@id":"https:\/\/aquaductil.com\/en\/producto\/luxor3828-2\/#breadcrumb","itemListElement":[{"@type":"ListItem","position":1,"name":"Inicio","item":"https:\/\/aquaductil.com\/en\/"},{"@type":"ListItem","position":2,"name":"Products","item":"https:\/\/aquaductil.com\/en\/products\/"},{"@type":"ListItem","position":3,"name":"Ductile cast iron gratings","item":"https:\/\/aquaductil.com\/en\/catalogo\/ductile-cast-iron-gratings\/"},{"@type":"ListItem","position":4,"name":"C250","item":"https:\/\/aquaductil.com\/en\/catalogo\/ductile-cast-iron-gratings\/gratings-c250-en\/"},{"@type":"ListItem","position":5,"name":"LUXOR3828"}]},{"@type":"WebSite","@id":"https:\/\/aquaductil.com\/en\/#website","url":"https:\/\/aquaductil.com\/en\/","name":"Aquaductil - Fundici\u00f3n Ductil","description":"Tapas y registros de fundici\u00f3n","publisher":{"@id":"https:\/\/aquaductil.com\/en\/#organization"},"potentialAction":[{"@type":"SearchAction","target":{"@type":"EntryPoint","urlTemplate":"https:\/\/aquaductil.com\/en\/?s={search_term_string}"},"query-input":{"@type":"PropertyValueSpecification","valueRequired":true,"valueName":"search_term_string"}}],"inLanguage":"en-US"},{"@type":"Organization","@id":"https:\/\/aquaductil.com\/en\/#organization","name":"Aquaductil - Tapas, Rejas y Registros de fundici\u00f3n d\u00factil.","url":"https:\/\/aquaductil.com\/en\/","logo":{"@type":"ImageObject","inLanguage":"en-US","@id":"https:\/\/aquaductil.com\/en\/#\/schema\/logo\/image\/","url":"https:\/\/aquaductil.com\/wp-content\/uploads\/2021\/11\/aquaductil-logo1.jpg","contentUrl":"https:\/\/aquaductil.com\/wp-content\/uploads\/2021\/11\/aquaductil-logo1.jpg","width":589,"height":144,"caption":"Aquaductil - Tapas, Rejas y Registros de fundici\u00f3n d\u00factil."},"image":{"@id":"https:\/\/aquaductil.com\/en\/#\/schema\/logo\/image\/"}}]}},"jetpack_sharing_enabled":true,"_links":{"self":[{"href":"https:\/\/aquaductil.com\/en\/wp-json\/wp\/v2\/product\/597","targetHints":{"allow":["GET"]}}],"collection":[{"href":"https:\/\/aquaductil.com\/en\/wp-json\/wp\/v2\/product"}],"about":[{"href":"https:\/\/aquaductil.com\/en\/wp-json\/wp\/v2\/types\/product"}],"wp:featuredmedia":[{"embeddable":true,"href":"https:\/\/aquaductil.com\/en\/wp-json\/wp\/v2\/media\/420"}],"wp:attachment":[{"href":"https:\/\/aquaductil.com\/en\/wp-json\/wp\/v2\/media?parent=597"}],"wp:term":[{"taxonomy":"product_brand","embeddable":true,"href":"https:\/\/aquaductil.com\/en\/wp-json\/wp\/v2\/product_brand?post=597"},{"taxonomy":"product_cat","embeddable":true,"href":"https:\/\/aquaductil.com\/en\/wp-json\/wp\/v2\/product_cat?post=597"},{"taxonomy":"product_tag","embeddable":true,"href":"https:\/\/aquaductil.com\/en\/wp-json\/wp\/v2\/product_tag?post=597"}],"curies":[{"name":"wp","href":"https:\/\/api.w.org\/{rel}","templated":true}]}}