{"id":547,"date":"2022-02-18T18:10:46","date_gmt":"2022-02-18T17:10:46","guid":{"rendered":"https:\/\/aquaductil.com\/producto\/urban600\/"},"modified":"2022-11-23T16:29:41","modified_gmt":"2022-11-23T15:29:41","slug":"urban600-2","status":"publish","type":"product","link":"https:\/\/aquaductil.com\/pt-pt\/produto\/urban600-2\/","title":{"rendered":"URBAN600"},"content":{"rendered":"<table class=\"guiatalles\" style=\"width: 499px;\">\n<tbody>\n<tr>\n<th style=\"width: 72px;\">CODE<\/th>\n<th style=\"width: 82.2833px;\">COVER DIMENSION<\/th>\n<th style=\"width: 82.2833px;\">FRAME DIMENSION<\/th>\n<th style=\"width: 52.2833px;\">FRAME DEPTH<\/th>\n<th style=\"width: 66.2833px;\">CLEAR OPENING<\/th>\n<th style=\"width: 103.867px;\">UN \/\/ PALET<\/th>\n<\/tr>\n<tr>\n<td style=\"width: 72px;\">URBAN600<\/td>\n<td style=\"width: 82.2833px;\">\u00d8 630mm<\/td>\n<td style=\"width: 82.2833px;\">\u00d8 785mm<\/td>\n<td style=\"width: 52.2833px;\">45mm<\/td>\n<td style=\"width: 66.2833px;\">\u00d8 600mm<\/td>\n<td style=\"width: 103.867px;\">20<\/td>\n<\/tr>\n<\/tbody>\n<\/table>\n","protected":false},"excerpt":{"rendered":"<p>&#8211; 2 caixas para levantamento da tampa com ferramentas<br \/>\n&#8211; Supercie anti-derrapante<br \/>\n&#8211; Dessenho do aro para evitar sa\u00edda dos odores<br \/>\n&#8211; 40-60 microns de esmalte preto secado al forno contra oxida\u00e7\u00e3o.<br \/>\n&#8211; Produto Normalizado segum Norma EN124-2 classe B125<\/p>\n<a href='\/documents\/urban600.pdf' class='small-button smallblack' target=\"_blank\">Informa\u00e7\u00e3o t\u00e9cnica<\/a>\n","protected":false},"featured_media":467,"template":"","meta":{"_et_pb_use_builder":"","_et_pb_old_content":"","_et_gb_content_width":""},"product_brand":[],"product_cat":[81,87],"product_tag":[101,100,99,98,103,102],"class_list":{"0":"post-547","1":"product","2":"type-product","3":"status-publish","4":"has-post-thumbnail","6":"product_cat-tampas-b125-pt-pt","7":"product_cat-tampas-registros-ferro-ductil","8":"product_tag-aquaductil-pt-pt","9":"product_tag-ductil-pt-pt","10":"product_tag-fundicion-pt-pt","11":"product_tag-tapa-pt-pt","12":"product_tag-telecom-pt-pt","13":"product_tag-trinagulares-pt-pt","15":"first","16":"instock","17":"shipping-taxable","18":"product-type-simple"},"yoast_head":"<!-- This site is optimized with the Yoast SEO plugin v26.7 - https:\/\/yoast.com\/wordpress\/plugins\/seo\/ -->\n<title>URBAN600 - Aquaductil - Fundici\u00f3n Ductil<\/title>\n<meta name=\"description\" content=\"Tapas, rejas y registros de fundici\u00f3n d\u00factil que cumplen con la normativa EN-124. (B125, C250, D400)\" \/>\n<meta name=\"robots\" content=\"index, follow, max-snippet:-1, max-image-preview:large, max-video-preview:-1\" \/>\n<link rel=\"canonical\" href=\"https:\/\/aquaductil.com\/pt-pt\/produto\/urban600-2\/\" \/>\n<meta property=\"og:locale\" content=\"pt_PT\" \/>\n<meta property=\"og:type\" content=\"article\" \/>\n<meta property=\"og:title\" content=\"URBAN600 - Aquaductil - Fundici\u00f3n Ductil\" \/>\n<meta property=\"og:description\" content=\"Tapas, rejas y registros de fundici\u00f3n d\u00factil que cumplen con la normativa EN-124. (B125, C250, D400)\" \/>\n<meta property=\"og:url\" content=\"https:\/\/aquaductil.com\/pt-pt\/produto\/urban600-2\/\" \/>\n<meta property=\"og:site_name\" content=\"Aquaductil - Fundici\u00f3n Ductil\" \/>\n<meta property=\"article:modified_time\" content=\"2022-11-23T15:29:41+00:00\" \/>\n<meta property=\"og:image\" content=\"https:\/\/aquaductil.com\/wp-content\/uploads\/2022\/02\/urban-465-WEB.jpg\" \/>\n\t<meta property=\"og:image:width\" content=\"219\" \/>\n\t<meta property=\"og:image:height\" content=\"212\" \/>\n\t<meta property=\"og:image:type\" content=\"image\/jpeg\" \/>\n<meta name=\"twitter:card\" content=\"summary_large_image\" \/>\n<script type=\"application\/ld+json\" class=\"yoast-schema-graph\">{\"@context\":\"https:\/\/schema.org\",\"@graph\":[{\"@type\":[\"WebPage\",\"ItemPage\"],\"@id\":\"https:\/\/aquaductil.com\/pt-pt\/produto\/urban600-2\/\",\"url\":\"https:\/\/aquaductil.com\/pt-pt\/produto\/urban600-2\/\",\"name\":\"URBAN600 - Aquaductil - Fundici\u00f3n Ductil\",\"isPartOf\":{\"@id\":\"https:\/\/aquaductil.com\/pt-pt\/#website\"},\"primaryImageOfPage\":{\"@id\":\"https:\/\/aquaductil.com\/pt-pt\/produto\/urban600-2\/#primaryimage\"},\"image\":{\"@id\":\"https:\/\/aquaductil.com\/pt-pt\/produto\/urban600-2\/#primaryimage\"},\"thumbnailUrl\":\"https:\/\/aquaductil.com\/wp-content\/uploads\/2022\/02\/urban-465-WEB.jpg\",\"datePublished\":\"2022-02-18T17:10:46+00:00\",\"dateModified\":\"2022-11-23T15:29:41+00:00\",\"description\":\"Tapas, rejas y registros de fundici\u00f3n d\u00factil que cumplen con la normativa EN-124. (B125, C250, D400)\",\"breadcrumb\":{\"@id\":\"https:\/\/aquaductil.com\/pt-pt\/produto\/urban600-2\/#breadcrumb\"},\"inLanguage\":\"pt-PT\",\"potentialAction\":[{\"@type\":\"ReadAction\",\"target\":[\"https:\/\/aquaductil.com\/pt-pt\/produto\/urban600-2\/\"]}]},{\"@type\":\"ImageObject\",\"inLanguage\":\"pt-PT\",\"@id\":\"https:\/\/aquaductil.com\/pt-pt\/produto\/urban600-2\/#primaryimage\",\"url\":\"https:\/\/aquaductil.com\/wp-content\/uploads\/2022\/02\/urban-465-WEB.jpg\",\"contentUrl\":\"https:\/\/aquaductil.com\/wp-content\/uploads\/2022\/02\/urban-465-WEB.jpg\",\"width\":219,\"height\":212},{\"@type\":\"BreadcrumbList\",\"@id\":\"https:\/\/aquaductil.com\/pt-pt\/produto\/urban600-2\/#breadcrumb\",\"itemListElement\":[{\"@type\":\"ListItem\",\"position\":1,\"name\":\"Inicio\",\"item\":\"https:\/\/aquaductil.com\/pt-pt\/\"},{\"@type\":\"ListItem\",\"position\":2,\"name\":\"Produtos\",\"item\":\"https:\/\/aquaductil.com\/pt-pt\/produtos\/\"},{\"@type\":\"ListItem\",\"position\":3,\"name\":\"Tampas e registros de ferro d\u00factil\",\"item\":\"https:\/\/aquaductil.com\/pt-pt\/catalogo\/tampas-registros-ferro-ductil\/\"},{\"@type\":\"ListItem\",\"position\":4,\"name\":\"URBAN600\"}]},{\"@type\":\"WebSite\",\"@id\":\"https:\/\/aquaductil.com\/pt-pt\/#website\",\"url\":\"https:\/\/aquaductil.com\/pt-pt\/\",\"name\":\"Aquaductil - Fundici\u00f3n Ductil\",\"description\":\"Tapas y registros de fundici\u00f3n\",\"publisher\":{\"@id\":\"https:\/\/aquaductil.com\/pt-pt\/#organization\"},\"potentialAction\":[{\"@type\":\"SearchAction\",\"target\":{\"@type\":\"EntryPoint\",\"urlTemplate\":\"https:\/\/aquaductil.com\/pt-pt\/?s={search_term_string}\"},\"query-input\":{\"@type\":\"PropertyValueSpecification\",\"valueRequired\":true,\"valueName\":\"search_term_string\"}}],\"inLanguage\":\"pt-PT\"},{\"@type\":\"Organization\",\"@id\":\"https:\/\/aquaductil.com\/pt-pt\/#organization\",\"name\":\"Aquaductil - Tapas, Rejas y Registros de fundici\u00f3n d\u00factil.\",\"url\":\"https:\/\/aquaductil.com\/pt-pt\/\",\"logo\":{\"@type\":\"ImageObject\",\"inLanguage\":\"pt-PT\",\"@id\":\"https:\/\/aquaductil.com\/pt-pt\/#\/schema\/logo\/image\/\",\"url\":\"https:\/\/aquaductil.com\/wp-content\/uploads\/2021\/11\/aquaductil-logo1.jpg\",\"contentUrl\":\"https:\/\/aquaductil.com\/wp-content\/uploads\/2021\/11\/aquaductil-logo1.jpg\",\"width\":589,\"height\":144,\"caption\":\"Aquaductil - Tapas, Rejas y Registros de fundici\u00f3n d\u00factil.\"},\"image\":{\"@id\":\"https:\/\/aquaductil.com\/pt-pt\/#\/schema\/logo\/image\/\"}}]}<\/script>\n<!-- \/ Yoast SEO plugin. -->","yoast_head_json":{"title":"URBAN600 - Aquaductil - Fundici\u00f3n Ductil","description":"Tapas, rejas y registros de fundici\u00f3n d\u00factil que cumplen con la normativa EN-124. (B125, C250, D400)","robots":{"index":"index","follow":"follow","max-snippet":"max-snippet:-1","max-image-preview":"max-image-preview:large","max-video-preview":"max-video-preview:-1"},"canonical":"https:\/\/aquaductil.com\/pt-pt\/produto\/urban600-2\/","og_locale":"pt_PT","og_type":"article","og_title":"URBAN600 - Aquaductil - Fundici\u00f3n Ductil","og_description":"Tapas, rejas y registros de fundici\u00f3n d\u00factil que cumplen con la normativa EN-124. (B125, C250, D400)","og_url":"https:\/\/aquaductil.com\/pt-pt\/produto\/urban600-2\/","og_site_name":"Aquaductil - Fundici\u00f3n Ductil","article_modified_time":"2022-11-23T15:29:41+00:00","og_image":[{"width":219,"height":212,"url":"https:\/\/aquaductil.com\/wp-content\/uploads\/2022\/02\/urban-465-WEB.jpg","type":"image\/jpeg"}],"twitter_card":"summary_large_image","schema":{"@context":"https:\/\/schema.org","@graph":[{"@type":["WebPage","ItemPage"],"@id":"https:\/\/aquaductil.com\/pt-pt\/produto\/urban600-2\/","url":"https:\/\/aquaductil.com\/pt-pt\/produto\/urban600-2\/","name":"URBAN600 - Aquaductil - Fundici\u00f3n Ductil","isPartOf":{"@id":"https:\/\/aquaductil.com\/pt-pt\/#website"},"primaryImageOfPage":{"@id":"https:\/\/aquaductil.com\/pt-pt\/produto\/urban600-2\/#primaryimage"},"image":{"@id":"https:\/\/aquaductil.com\/pt-pt\/produto\/urban600-2\/#primaryimage"},"thumbnailUrl":"https:\/\/aquaductil.com\/wp-content\/uploads\/2022\/02\/urban-465-WEB.jpg","datePublished":"2022-02-18T17:10:46+00:00","dateModified":"2022-11-23T15:29:41+00:00","description":"Tapas, rejas y registros de fundici\u00f3n d\u00factil que cumplen con la normativa EN-124. (B125, C250, D400)","breadcrumb":{"@id":"https:\/\/aquaductil.com\/pt-pt\/produto\/urban600-2\/#breadcrumb"},"inLanguage":"pt-PT","potentialAction":[{"@type":"ReadAction","target":["https:\/\/aquaductil.com\/pt-pt\/produto\/urban600-2\/"]}]},{"@type":"ImageObject","inLanguage":"pt-PT","@id":"https:\/\/aquaductil.com\/pt-pt\/produto\/urban600-2\/#primaryimage","url":"https:\/\/aquaductil.com\/wp-content\/uploads\/2022\/02\/urban-465-WEB.jpg","contentUrl":"https:\/\/aquaductil.com\/wp-content\/uploads\/2022\/02\/urban-465-WEB.jpg","width":219,"height":212},{"@type":"BreadcrumbList","@id":"https:\/\/aquaductil.com\/pt-pt\/produto\/urban600-2\/#breadcrumb","itemListElement":[{"@type":"ListItem","position":1,"name":"Inicio","item":"https:\/\/aquaductil.com\/pt-pt\/"},{"@type":"ListItem","position":2,"name":"Produtos","item":"https:\/\/aquaductil.com\/pt-pt\/produtos\/"},{"@type":"ListItem","position":3,"name":"Tampas e registros de ferro d\u00factil","item":"https:\/\/aquaductil.com\/pt-pt\/catalogo\/tampas-registros-ferro-ductil\/"},{"@type":"ListItem","position":4,"name":"URBAN600"}]},{"@type":"WebSite","@id":"https:\/\/aquaductil.com\/pt-pt\/#website","url":"https:\/\/aquaductil.com\/pt-pt\/","name":"Aquaductil - Fundici\u00f3n Ductil","description":"Tapas y registros de fundici\u00f3n","publisher":{"@id":"https:\/\/aquaductil.com\/pt-pt\/#organization"},"potentialAction":[{"@type":"SearchAction","target":{"@type":"EntryPoint","urlTemplate":"https:\/\/aquaductil.com\/pt-pt\/?s={search_term_string}"},"query-input":{"@type":"PropertyValueSpecification","valueRequired":true,"valueName":"search_term_string"}}],"inLanguage":"pt-PT"},{"@type":"Organization","@id":"https:\/\/aquaductil.com\/pt-pt\/#organization","name":"Aquaductil - Tapas, Rejas y Registros de fundici\u00f3n d\u00factil.","url":"https:\/\/aquaductil.com\/pt-pt\/","logo":{"@type":"ImageObject","inLanguage":"pt-PT","@id":"https:\/\/aquaductil.com\/pt-pt\/#\/schema\/logo\/image\/","url":"https:\/\/aquaductil.com\/wp-content\/uploads\/2021\/11\/aquaductil-logo1.jpg","contentUrl":"https:\/\/aquaductil.com\/wp-content\/uploads\/2021\/11\/aquaductil-logo1.jpg","width":589,"height":144,"caption":"Aquaductil - Tapas, Rejas y Registros de fundici\u00f3n d\u00factil."},"image":{"@id":"https:\/\/aquaductil.com\/pt-pt\/#\/schema\/logo\/image\/"}}]}},"jetpack_sharing_enabled":true,"_links":{"self":[{"href":"https:\/\/aquaductil.com\/pt-pt\/wp-json\/wp\/v2\/product\/547","targetHints":{"allow":["GET"]}}],"collection":[{"href":"https:\/\/aquaductil.com\/pt-pt\/wp-json\/wp\/v2\/product"}],"about":[{"href":"https:\/\/aquaductil.com\/pt-pt\/wp-json\/wp\/v2\/types\/product"}],"wp:featuredmedia":[{"embeddable":true,"href":"https:\/\/aquaductil.com\/pt-pt\/wp-json\/wp\/v2\/media\/467"}],"wp:attachment":[{"href":"https:\/\/aquaductil.com\/pt-pt\/wp-json\/wp\/v2\/media?parent=547"}],"wp:term":[{"taxonomy":"product_brand","embeddable":true,"href":"https:\/\/aquaductil.com\/pt-pt\/wp-json\/wp\/v2\/product_brand?post=547"},{"taxonomy":"product_cat","embeddable":true,"href":"https:\/\/aquaductil.com\/pt-pt\/wp-json\/wp\/v2\/product_cat?post=547"},{"taxonomy":"product_tag","embeddable":true,"href":"https:\/\/aquaductil.com\/pt-pt\/wp-json\/wp\/v2\/product_tag?post=547"}],"curies":[{"name":"wp","href":"https:\/\/api.w.org\/{rel}","templated":true}]}}