{"id":603,"date":"2021-11-11T18:13:33","date_gmt":"2021-11-11T17:13:33","guid":{"rendered":"https:\/\/aquaductil.com\/producto\/apa4523\/"},"modified":"2021-11-11T18:13:33","modified_gmt":"2021-11-11T17:13:33","slug":"apa4523-2","status":"publish","type":"product","link":"https:\/\/aquaductil.com\/pt-pt\/produto\/apa4523-2\/","title":{"rendered":"APA4523"},"content":{"rendered":"<table class=\"guiatalles\">\n<tbody>\n<tr>\n<th>CODE<\/th>\n<th>COVER DIMENSION<\/th>\n<th>FRAME DIMENSION<\/th>\n<th>FRAME DEPTH<\/th>\n<th>CLEAR OPENING<\/th>\n<th>UN \/\/ PALET<\/th>\n<\/tr>\n<tr>\n<th>APA4523<\/th>\n<th>450 x 230 mm<\/td>\n<th>535 x 310 mm<\/td>\n<th>33 mm<\/td>\n<th>425 x 200 mm<\/td>\n<th>100<\/td>\n<\/tr>\n<\/tbody>\n<\/table>\n<\/div>\n","protected":false},"excerpt":{"rendered":"<p>&#8211; Sistema de dobradi\u00e7a com a abertura da grelha a 90\u00ba.<br \/>\n&#8211; Sistema anti-Roubo.<br \/>\n&#8211; 40-60 microns de esmalte preto secado al forno contra oxida\u00e7\u00e3o.<br \/>\n&#8211; Produto Normalizado segum Norma EN124-2 classe C250<\/p>\n","protected":false},"featured_media":437,"template":"","meta":{"_et_pb_use_builder":"","_et_pb_old_content":"","_et_gb_content_width":""},"product_brand":[],"product_cat":[78,88],"product_tag":[101,128,124,100,129],"class_list":{"0":"post-603","1":"product","2":"type-product","3":"status-publish","4":"has-post-thumbnail","6":"product_cat-grelhas-c250-pt-pt","7":"product_cat-grelha-ferro-ductil","8":"product_tag-aquaductil-pt-pt","9":"product_tag-aro-pt-pt","10":"product_tag-articulada-pt-pt","11":"product_tag-ductil-pt-pt","12":"product_tag-ferro-fundido","14":"first","15":"instock","16":"shipping-taxable","17":"product-type-simple"},"yoast_head":"<!-- This site is optimized with the Yoast SEO plugin v26.7 - https:\/\/yoast.com\/wordpress\/plugins\/seo\/ -->\n<title>APA4523 - Aquaductil - Fundici\u00f3n Ductil<\/title>\n<meta name=\"description\" content=\"Tapas, rejas y registros de fundici\u00f3n d\u00factil que cumplen con la normativa EN-124. (B125, C250, D400)\" \/>\n<meta name=\"robots\" content=\"index, follow, max-snippet:-1, max-image-preview:large, max-video-preview:-1\" \/>\n<link rel=\"canonical\" href=\"https:\/\/aquaductil.com\/pt-pt\/produto\/apa4523-2\/\" \/>\n<meta property=\"og:locale\" content=\"pt_PT\" \/>\n<meta property=\"og:type\" content=\"article\" \/>\n<meta property=\"og:title\" content=\"APA4523 - Aquaductil - Fundici\u00f3n Ductil\" \/>\n<meta property=\"og:description\" content=\"Tapas, rejas y registros de fundici\u00f3n d\u00factil que cumplen con la normativa EN-124. (B125, C250, D400)\" \/>\n<meta property=\"og:url\" content=\"https:\/\/aquaductil.com\/pt-pt\/produto\/apa4523-2\/\" \/>\n<meta property=\"og:site_name\" content=\"Aquaductil - Fundici\u00f3n Ductil\" \/>\n<meta property=\"og:image\" content=\"https:\/\/aquaductil.com\/wp-content\/uploads\/2021\/11\/APA4523.jpg\" \/>\n\t<meta property=\"og:image:width\" content=\"1330\" \/>\n\t<meta property=\"og:image:height\" content=\"1493\" \/>\n\t<meta property=\"og:image:type\" content=\"image\/jpeg\" \/>\n<meta name=\"twitter:card\" content=\"summary_large_image\" \/>\n<script type=\"application\/ld+json\" class=\"yoast-schema-graph\">{\"@context\":\"https:\/\/schema.org\",\"@graph\":[{\"@type\":[\"WebPage\",\"ItemPage\"],\"@id\":\"https:\/\/aquaductil.com\/pt-pt\/produto\/apa4523-2\/\",\"url\":\"https:\/\/aquaductil.com\/pt-pt\/produto\/apa4523-2\/\",\"name\":\"APA4523 - Aquaductil - Fundici\u00f3n Ductil\",\"isPartOf\":{\"@id\":\"https:\/\/aquaductil.com\/pt-pt\/#website\"},\"primaryImageOfPage\":{\"@id\":\"https:\/\/aquaductil.com\/pt-pt\/produto\/apa4523-2\/#primaryimage\"},\"image\":{\"@id\":\"https:\/\/aquaductil.com\/pt-pt\/produto\/apa4523-2\/#primaryimage\"},\"thumbnailUrl\":\"https:\/\/aquaductil.com\/wp-content\/uploads\/2021\/11\/APA4523.jpg\",\"datePublished\":\"2021-11-11T17:13:33+00:00\",\"description\":\"Tapas, rejas y registros de fundici\u00f3n d\u00factil que cumplen con la normativa EN-124. (B125, C250, D400)\",\"breadcrumb\":{\"@id\":\"https:\/\/aquaductil.com\/pt-pt\/produto\/apa4523-2\/#breadcrumb\"},\"inLanguage\":\"pt-PT\",\"potentialAction\":[{\"@type\":\"ReadAction\",\"target\":[\"https:\/\/aquaductil.com\/pt-pt\/produto\/apa4523-2\/\"]}]},{\"@type\":\"ImageObject\",\"inLanguage\":\"pt-PT\",\"@id\":\"https:\/\/aquaductil.com\/pt-pt\/produto\/apa4523-2\/#primaryimage\",\"url\":\"https:\/\/aquaductil.com\/wp-content\/uploads\/2021\/11\/APA4523.jpg\",\"contentUrl\":\"https:\/\/aquaductil.com\/wp-content\/uploads\/2021\/11\/APA4523.jpg\",\"width\":1330,\"height\":1493,\"caption\":\"grelha ferro fundido\"},{\"@type\":\"BreadcrumbList\",\"@id\":\"https:\/\/aquaductil.com\/pt-pt\/produto\/apa4523-2\/#breadcrumb\",\"itemListElement\":[{\"@type\":\"ListItem\",\"position\":1,\"name\":\"Inicio\",\"item\":\"https:\/\/aquaductil.com\/pt-pt\/\"},{\"@type\":\"ListItem\",\"position\":2,\"name\":\"Produtos\",\"item\":\"https:\/\/aquaductil.com\/pt-pt\/produtos\/\"},{\"@type\":\"ListItem\",\"position\":3,\"name\":\"Grelha em ferro d\u00factil\",\"item\":\"https:\/\/aquaductil.com\/pt-pt\/catalogo\/grelha-ferro-ductil\/\"},{\"@type\":\"ListItem\",\"position\":4,\"name\":\"C250\",\"item\":\"https:\/\/aquaductil.com\/pt-pt\/catalogo\/grelha-ferro-ductil\/grelhas-c250-pt-pt\/\"},{\"@type\":\"ListItem\",\"position\":5,\"name\":\"APA4523\"}]},{\"@type\":\"WebSite\",\"@id\":\"https:\/\/aquaductil.com\/pt-pt\/#website\",\"url\":\"https:\/\/aquaductil.com\/pt-pt\/\",\"name\":\"Aquaductil - Fundici\u00f3n Ductil\",\"description\":\"Tapas y registros de fundici\u00f3n\",\"publisher\":{\"@id\":\"https:\/\/aquaductil.com\/pt-pt\/#organization\"},\"potentialAction\":[{\"@type\":\"SearchAction\",\"target\":{\"@type\":\"EntryPoint\",\"urlTemplate\":\"https:\/\/aquaductil.com\/pt-pt\/?s={search_term_string}\"},\"query-input\":{\"@type\":\"PropertyValueSpecification\",\"valueRequired\":true,\"valueName\":\"search_term_string\"}}],\"inLanguage\":\"pt-PT\"},{\"@type\":\"Organization\",\"@id\":\"https:\/\/aquaductil.com\/pt-pt\/#organization\",\"name\":\"Aquaductil - Tapas, Rejas y Registros de fundici\u00f3n d\u00factil.\",\"url\":\"https:\/\/aquaductil.com\/pt-pt\/\",\"logo\":{\"@type\":\"ImageObject\",\"inLanguage\":\"pt-PT\",\"@id\":\"https:\/\/aquaductil.com\/pt-pt\/#\/schema\/logo\/image\/\",\"url\":\"https:\/\/aquaductil.com\/wp-content\/uploads\/2021\/11\/aquaductil-logo1.jpg\",\"contentUrl\":\"https:\/\/aquaductil.com\/wp-content\/uploads\/2021\/11\/aquaductil-logo1.jpg\",\"width\":589,\"height\":144,\"caption\":\"Aquaductil - Tapas, Rejas y Registros de fundici\u00f3n d\u00factil.\"},\"image\":{\"@id\":\"https:\/\/aquaductil.com\/pt-pt\/#\/schema\/logo\/image\/\"}}]}<\/script>\n<!-- \/ Yoast SEO plugin. -->","yoast_head_json":{"title":"APA4523 - Aquaductil - Fundici\u00f3n Ductil","description":"Tapas, rejas y registros de fundici\u00f3n d\u00factil que cumplen con la normativa EN-124. (B125, C250, D400)","robots":{"index":"index","follow":"follow","max-snippet":"max-snippet:-1","max-image-preview":"max-image-preview:large","max-video-preview":"max-video-preview:-1"},"canonical":"https:\/\/aquaductil.com\/pt-pt\/produto\/apa4523-2\/","og_locale":"pt_PT","og_type":"article","og_title":"APA4523 - Aquaductil - Fundici\u00f3n Ductil","og_description":"Tapas, rejas y registros de fundici\u00f3n d\u00factil que cumplen con la normativa EN-124. (B125, C250, D400)","og_url":"https:\/\/aquaductil.com\/pt-pt\/produto\/apa4523-2\/","og_site_name":"Aquaductil - Fundici\u00f3n Ductil","og_image":[{"width":1330,"height":1493,"url":"https:\/\/aquaductil.com\/wp-content\/uploads\/2021\/11\/APA4523.jpg","type":"image\/jpeg"}],"twitter_card":"summary_large_image","schema":{"@context":"https:\/\/schema.org","@graph":[{"@type":["WebPage","ItemPage"],"@id":"https:\/\/aquaductil.com\/pt-pt\/produto\/apa4523-2\/","url":"https:\/\/aquaductil.com\/pt-pt\/produto\/apa4523-2\/","name":"APA4523 - Aquaductil - Fundici\u00f3n Ductil","isPartOf":{"@id":"https:\/\/aquaductil.com\/pt-pt\/#website"},"primaryImageOfPage":{"@id":"https:\/\/aquaductil.com\/pt-pt\/produto\/apa4523-2\/#primaryimage"},"image":{"@id":"https:\/\/aquaductil.com\/pt-pt\/produto\/apa4523-2\/#primaryimage"},"thumbnailUrl":"https:\/\/aquaductil.com\/wp-content\/uploads\/2021\/11\/APA4523.jpg","datePublished":"2021-11-11T17:13:33+00:00","description":"Tapas, rejas y registros de fundici\u00f3n d\u00factil que cumplen con la normativa EN-124. (B125, C250, D400)","breadcrumb":{"@id":"https:\/\/aquaductil.com\/pt-pt\/produto\/apa4523-2\/#breadcrumb"},"inLanguage":"pt-PT","potentialAction":[{"@type":"ReadAction","target":["https:\/\/aquaductil.com\/pt-pt\/produto\/apa4523-2\/"]}]},{"@type":"ImageObject","inLanguage":"pt-PT","@id":"https:\/\/aquaductil.com\/pt-pt\/produto\/apa4523-2\/#primaryimage","url":"https:\/\/aquaductil.com\/wp-content\/uploads\/2021\/11\/APA4523.jpg","contentUrl":"https:\/\/aquaductil.com\/wp-content\/uploads\/2021\/11\/APA4523.jpg","width":1330,"height":1493,"caption":"grelha ferro fundido"},{"@type":"BreadcrumbList","@id":"https:\/\/aquaductil.com\/pt-pt\/produto\/apa4523-2\/#breadcrumb","itemListElement":[{"@type":"ListItem","position":1,"name":"Inicio","item":"https:\/\/aquaductil.com\/pt-pt\/"},{"@type":"ListItem","position":2,"name":"Produtos","item":"https:\/\/aquaductil.com\/pt-pt\/produtos\/"},{"@type":"ListItem","position":3,"name":"Grelha em ferro d\u00factil","item":"https:\/\/aquaductil.com\/pt-pt\/catalogo\/grelha-ferro-ductil\/"},{"@type":"ListItem","position":4,"name":"C250","item":"https:\/\/aquaductil.com\/pt-pt\/catalogo\/grelha-ferro-ductil\/grelhas-c250-pt-pt\/"},{"@type":"ListItem","position":5,"name":"APA4523"}]},{"@type":"WebSite","@id":"https:\/\/aquaductil.com\/pt-pt\/#website","url":"https:\/\/aquaductil.com\/pt-pt\/","name":"Aquaductil - Fundici\u00f3n Ductil","description":"Tapas y registros de fundici\u00f3n","publisher":{"@id":"https:\/\/aquaductil.com\/pt-pt\/#organization"},"potentialAction":[{"@type":"SearchAction","target":{"@type":"EntryPoint","urlTemplate":"https:\/\/aquaductil.com\/pt-pt\/?s={search_term_string}"},"query-input":{"@type":"PropertyValueSpecification","valueRequired":true,"valueName":"search_term_string"}}],"inLanguage":"pt-PT"},{"@type":"Organization","@id":"https:\/\/aquaductil.com\/pt-pt\/#organization","name":"Aquaductil - Tapas, Rejas y Registros de fundici\u00f3n d\u00factil.","url":"https:\/\/aquaductil.com\/pt-pt\/","logo":{"@type":"ImageObject","inLanguage":"pt-PT","@id":"https:\/\/aquaductil.com\/pt-pt\/#\/schema\/logo\/image\/","url":"https:\/\/aquaductil.com\/wp-content\/uploads\/2021\/11\/aquaductil-logo1.jpg","contentUrl":"https:\/\/aquaductil.com\/wp-content\/uploads\/2021\/11\/aquaductil-logo1.jpg","width":589,"height":144,"caption":"Aquaductil - Tapas, Rejas y Registros de fundici\u00f3n d\u00factil."},"image":{"@id":"https:\/\/aquaductil.com\/pt-pt\/#\/schema\/logo\/image\/"}}]}},"jetpack_sharing_enabled":true,"_links":{"self":[{"href":"https:\/\/aquaductil.com\/pt-pt\/wp-json\/wp\/v2\/product\/603","targetHints":{"allow":["GET"]}}],"collection":[{"href":"https:\/\/aquaductil.com\/pt-pt\/wp-json\/wp\/v2\/product"}],"about":[{"href":"https:\/\/aquaductil.com\/pt-pt\/wp-json\/wp\/v2\/types\/product"}],"wp:featuredmedia":[{"embeddable":true,"href":"https:\/\/aquaductil.com\/pt-pt\/wp-json\/wp\/v2\/media\/437"}],"wp:attachment":[{"href":"https:\/\/aquaductil.com\/pt-pt\/wp-json\/wp\/v2\/media?parent=603"}],"wp:term":[{"taxonomy":"product_brand","embeddable":true,"href":"https:\/\/aquaductil.com\/pt-pt\/wp-json\/wp\/v2\/product_brand?post=603"},{"taxonomy":"product_cat","embeddable":true,"href":"https:\/\/aquaductil.com\/pt-pt\/wp-json\/wp\/v2\/product_cat?post=603"},{"taxonomy":"product_tag","embeddable":true,"href":"https:\/\/aquaductil.com\/pt-pt\/wp-json\/wp\/v2\/product_tag?post=603"}],"curies":[{"name":"wp","href":"https:\/\/api.w.org\/{rel}","templated":true}]}}